{"id":8,"date":"2024-02-27T23:32:11","date_gmt":"2024-02-27T23:32:11","guid":{"rendered":"https:\/\/joropomaniaradio.com\/?page_id=8"},"modified":"2024-02-28T00:44:12","modified_gmt":"2024-02-28T00:44:12","slug":"joropomania-radio-la-de-la-musica-llanera","status":"publish","type":"page","link":"https:\/\/joropomaniaradio.com\/","title":{"rendered":"JoropoMania Radio :: La de la musica llanera"},"content":{"rendered":"\t\t<div data-elementor-type=\"wp-page\" data-elementor-id=\"8\" class=\"elementor elementor-8\">\n\t\t\t\t\t\t<section class=\"elementor-section elementor-top-section elementor-element elementor-element-102986f6 elementor-section-full_width elementor-section-height-default elementor-section-height-default\" data-id=\"102986f6\" data-element_type=\"section\" data-settings=\"{&quot;background_background&quot;:&quot;classic&quot;}\">\n\t\t\t\t\t\t<div class=\"elementor-container elementor-column-gap-default\">\n\t\t\t\t\t<div class=\"elementor-column elementor-col-100 elementor-top-column elementor-element elementor-element-74db1446\" data-id=\"74db1446\" data-element_type=\"column\">\n\t\t\t<div class=\"elementor-widget-wrap elementor-element-populated\">\n\t\t\t\t\t\t<div class=\"elementor-element elementor-element-69c19b elementor-widget elementor-widget-image\" data-id=\"69c19b\" data-element_type=\"widget\" data-widget_type=\"image.default\">\n\t\t\t\t<div class=\"elementor-widget-container\">\n\t\t\t<style>\/*! elementor - v3.19.0 - 26-02-2024 *\/\n.elementor-widget-image{text-align:center}.elementor-widget-image a{display:inline-block}.elementor-widget-image a img[src$=\".svg\"]{width:48px}.elementor-widget-image img{vertical-align:middle;display:inline-block}<\/style>\t\t\t\t\t\t\t\t\t\t\t<a href=\"https:\/\/joropomaniaradio.com\/\">\n\t\t\t\t\t\t\t<img fetchpriority=\"high\" decoding=\"async\" width=\"300\" height=\"259\" src=\"https:\/\/joropomaniaradio.com\/wp-content\/uploads\/2024\/02\/00000-1-300x259.png\" class=\"attachment-medium size-medium wp-image-33\" alt=\"\" srcset=\"https:\/\/joropomaniaradio.com\/wp-content\/uploads\/2024\/02\/00000-1-300x259.png 300w, https:\/\/joropomaniaradio.com\/wp-content\/uploads\/2024\/02\/00000-1-1024x885.png 1024w, https:\/\/joropomaniaradio.com\/wp-content\/uploads\/2024\/02\/00000-1-768x664.png 768w, https:\/\/joropomaniaradio.com\/wp-content\/uploads\/2024\/02\/00000-1.png 1471w\" sizes=\"(max-width: 300px) 100vw, 300px\" \/>\t\t\t\t\t\t\t\t<\/a>\n\t\t\t\t\t\t\t\t\t\t\t\t\t<\/div>\n\t\t\t\t<\/div>\n\t\t\t\t\t<\/div>\n\t\t<\/div>\n\t\t\t\t\t<\/div>\n\t\t<\/section>\n\t\t\t\t<section class=\"elementor-section elementor-top-section elementor-element elementor-element-4a7bb5c0 elementor-section-full_width elementor-section-height-default elementor-section-height-default\" data-id=\"4a7bb5c0\" data-element_type=\"section\" data-settings=\"{&quot;background_background&quot;:&quot;classic&quot;}\">\n\t\t\t\t\t\t<div class=\"elementor-container elementor-column-gap-narrow\">\n\t\t\t\t\t<div class=\"elementor-column elementor-col-100 elementor-top-column elementor-element elementor-element-264f89b5\" data-id=\"264f89b5\" data-element_type=\"column\">\n\t\t\t<div class=\"elementor-widget-wrap elementor-element-populated\">\n\t\t\t\t\t\t<div class=\"elementor-element elementor-element-3e2004c6 elementor-widget elementor-widget-spacer\" data-id=\"3e2004c6\" data-element_type=\"widget\" data-widget_type=\"spacer.default\">\n\t\t\t\t<div class=\"elementor-widget-container\">\n\t\t\t<style>\/*! elementor - v3.19.0 - 26-02-2024 *\/\n.elementor-column .elementor-spacer-inner{height:var(--spacer-size)}.e-con{--container-widget-width:100%}.e-con-inner>.elementor-widget-spacer,.e-con>.elementor-widget-spacer{width:var(--container-widget-width,var(--spacer-size));--align-self:var(--container-widget-align-self,initial);--flex-shrink:0}.e-con-inner>.elementor-widget-spacer>.elementor-widget-container,.e-con>.elementor-widget-spacer>.elementor-widget-container{height:100%;width:100%}.e-con-inner>.elementor-widget-spacer>.elementor-widget-container>.elementor-spacer,.e-con>.elementor-widget-spacer>.elementor-widget-container>.elementor-spacer{height:100%}.e-con-inner>.elementor-widget-spacer>.elementor-widget-container>.elementor-spacer>.elementor-spacer-inner,.e-con>.elementor-widget-spacer>.elementor-widget-container>.elementor-spacer>.elementor-spacer-inner{height:var(--container-widget-height,var(--spacer-size))}.e-con-inner>.elementor-widget-spacer.elementor-widget-empty,.e-con>.elementor-widget-spacer.elementor-widget-empty{position:relative;min-height:22px;min-width:22px}.e-con-inner>.elementor-widget-spacer.elementor-widget-empty .elementor-widget-empty-icon,.e-con>.elementor-widget-spacer.elementor-widget-empty .elementor-widget-empty-icon{position:absolute;top:0;bottom:0;left:0;right:0;margin:auto;padding:0;width:22px;height:22px}<\/style>\t\t<div class=\"elementor-spacer\">\n\t\t\t<div class=\"elementor-spacer-inner\"><\/div>\n\t\t<\/div>\n\t\t\t\t<\/div>\n\t\t\t\t<\/div>\n\t\t\t\t\t<\/div>\n\t\t<\/div>\n\t\t\t\t\t<\/div>\n\t\t<\/section>\n\t\t\t\t<section class=\"elementor-section elementor-top-section elementor-element elementor-element-58e9719f elementor-section-boxed elementor-section-height-default elementor-section-height-default\" data-id=\"58e9719f\" data-element_type=\"section\">\n\t\t\t\t\t\t<div class=\"elementor-container elementor-column-gap-default\">\n\t\t\t\t\t<div class=\"elementor-column elementor-col-100 elementor-top-column elementor-element elementor-element-47b70474\" data-id=\"47b70474\" data-element_type=\"column\">\n\t\t\t<div class=\"elementor-widget-wrap elementor-element-populated\">\n\t\t\t\t\t\t<div class=\"elementor-element elementor-element-5c80a45c elementor-widget elementor-widget-text-editor\" data-id=\"5c80a45c\" data-element_type=\"widget\" data-widget_type=\"text-editor.default\">\n\t\t\t\t<div class=\"elementor-widget-container\">\n\t\t\t<style>\/*! elementor - v3.19.0 - 26-02-2024 *\/\n.elementor-widget-text-editor.elementor-drop-cap-view-stacked .elementor-drop-cap{background-color:#69727d;color:#fff}.elementor-widget-text-editor.elementor-drop-cap-view-framed .elementor-drop-cap{color:#69727d;border:3px solid;background-color:transparent}.elementor-widget-text-editor:not(.elementor-drop-cap-view-default) .elementor-drop-cap{margin-top:8px}.elementor-widget-text-editor:not(.elementor-drop-cap-view-default) .elementor-drop-cap-letter{width:1em;height:1em}.elementor-widget-text-editor .elementor-drop-cap{float:left;text-align:center;line-height:1;font-size:50px}.elementor-widget-text-editor .elementor-drop-cap-letter{display:inline-block}<\/style>\t\t\t\t<p><span style=\"color: #000000;\">Desde Venezuela transmite <strong>Joropomania radio \u201cLa de la m\u00fasica llanera\u201d<\/strong> una emisora que une el sentimiento cultural de dos naciones hermanas colombia y venezuela, que viven bajo un mismo cielo y habitan un solo llano, el llano sin fronteras. La programaci\u00f3n 24\/7 de m\u00fasica criolla est\u00e1 dirigida a un p\u00fablico amante de la cultura llanera, defensores de las costumbres y tradiciones de la tierra, donde se juntan el sol y el horizonte.<\/span><\/p>\t\t\t\t\t\t<\/div>\n\t\t\t\t<\/div>\n\t\t\t\t\t<\/div>\n\t\t<\/div>\n\t\t\t\t\t<\/div>\n\t\t<\/section>\n\t\t\t\t<section class=\"elementor-section elementor-top-section elementor-element elementor-element-26b04574 elementor-section-boxed elementor-section-height-default elementor-section-height-default\" data-id=\"26b04574\" data-element_type=\"section\">\n\t\t\t\t\t\t<div class=\"elementor-container elementor-column-gap-default\">\n\t\t\t\t\t<div class=\"elementor-column elementor-col-50 elementor-top-column elementor-element elementor-element-3135f8ca\" data-id=\"3135f8ca\" data-element_type=\"column\">\n\t\t\t<div class=\"elementor-widget-wrap elementor-element-populated\">\n\t\t\t\t\t\t<div class=\"elementor-element elementor-element-e8e939e elementor-widget elementor-widget-elementor-radio-player\" data-id=\"e8e939e\" data-element_type=\"widget\" data-widget_type=\"elementor-radio-player.default\">\n\t\t\t\t<div class=\"elementor-widget-container\">\n\t\t\t<div class=\"erplayer  erplayer--fullscreenbar erplayer--inline erplayer-- erplayer-- erplayer--open-audo\" data-erplayer-widget data-erplayer-options=\"{&quot;postid&quot;:&quot;8&quot;,&quot;startVolume&quot;:&quot;0.9&quot;,&quot;boxRadius&quot;:&quot;10&quot;,&quot;coverRadius&quot;:&quot;3&quot;,&quot;layout&quot;:&quot;fullscreenbar&quot;,&quot;playlistDirection&quot;:&quot;audo&quot;,&quot;defaultBgImgOp&quot;:&quot;1&quot;,&quot;searchCover&quot;:&quot;1&quot;,&quot;thumbSize&quot;:&quot;71&quot;,&quot;includeArchive&quot;:&quot;1&quot;,&quot;radioChannelsPopup&quot;:&quot;[]&quot;,&quot;boxShadow&quot;:&quot;0.58&quot;,&quot;backgroundColor&quot;:&quot;#FFB000&quot;,&quot;textColor&quot;:&quot;#ffffff&quot;,&quot;accentColor&quot;:&quot;#FFFFFF&quot;,&quot;padding&quot;:&quot;15&quot;,&quot;maxWidth&quot;:&quot;430&quot;,&quot;customClass&quot;:&quot;erplayer-id-e8e939e&quot;}\" >\n\t<div class=\"erplayer-content\">\n\t\t\t\t<div data-erplayer-container class=\"erplayer__container\">\n\t\t\t<audio id=\"erplayer-audio\" data-erplayer-audio preload=\"none\"><\/audio>\n\t\t\t<div class=\"erplayer__bgcolor\"><\/div>\n\t\t\t<div data-erplayer-background class=\"erplayer__background\"><\/div>\n\t\t\t<div data-erplayer-wrapper class=\"erplayer__wrapper\">\n\t\t\t\t<div class=\"erplayer__wrapper__container\">\n\t\t\t\t\t<div class=\"erplayer__info\">\n\t\t\t\t\t\t<div data-erplayer-trackcover class=\"erplayer__info__cover\"><\/div>\n\t\t\t\t\t\t<h3 class=\"erplayer__info__title erplayer-marquee\"><span data-erplayer-title><\/span><\/h3>\n\t\t\t\t\t\t<h4 class=\"erplayer__info__artist erplayer-marquee\"><span data-erplayer-artist><\/span><\/h4>\n\t\t\t\t\t\t<h6 class=\"erplayer__info__album erplayer-marquee\"><span data-erplayer-album><\/span><\/h6>\n\t\t\t\t\t<\/div>\n\t\t\t\t\t<div data-erplayer-controls class=\"erplayer__controls\">\n\t\t\t\t\t\t<div class=\"erplayer__slidercontrol erplayer__slidercontrol--progressbar\">\n\t\t\t\t\t\t\t<span data-erplayer-timer class=\"erplayer__timer\">--:--<\/span>\n\t\t\t\t\t\t\t<div data-erplayer-progressbar class=\"erplayer__progressbar erplayer__slidercontrol__slider\">\n\t\t\t\t\t\t\t\t<div data-erplayer-playhead  class=\"erplayer__slidercontrol__bar erplayer__playhead\"><\/div>\n\t\t\t\t\t\t\t\t<div data-erplayer-bufferhead class=\"erplayer__slidercontrol__bar erplayer__bufferhead\"><\/div>\n\t\t\t\t\t\t\t\t<div class=\"erplayer__slidercontrol__trackbar\"><\/div>\n\t\t\t\t\t\t\t\t<input type=\"range\" data-erplayer-cue class=\"erplayer__slidercontrol__input\" min=\"0\" max=\"1\" step=\"0.005\" value=\"0\" \/>\n\t\t\t\t\t\t\t<\/div>\n\t\t\t\t\t\t\t<span data-erplayer-duration class=\"erplayer__duration\">--:--<\/span>\n\t\t\t\t\t\t<\/div>\n\t\t\t\t\t\t<span data-erplayer-prev class=\"erplayer__btn erplayer__prev\"><i class=\"erplayer-icon-to-start\"><\/i><\/span>\n\t\t\t\t\t\t<span data-erplayer-play class=\"erplayer__btn erplayer__play\"><i class=\"erplayer-icon-play\"><\/i><\/span>\n\t\t\t\t\t\t<span data-erplayer-pause class=\"erplayer__btn erplayer__pause\"><i class=\"erplayer-icon-pause\"><\/i><\/span>\n\t\t\t\t\t\t<span data-erplayer-next class=\"erplayer__btn erplayer__next\"><i class=\"erplayer-icon-to-end\"><\/i><\/span>\n\t\t\t\t\t\t<div data-erplayer-volumecontroller class=\"erplayer__slidercontrol erplayer__slidercontrol--volume\">\n\t\t\t\t\t\t\t<span data-erplayer-mute class=\"erplayer__btn erplayer__mute\"><i class=\"erplayer-icon-volume\"><\/i><\/span>\n\t\t\t\t\t\t\t<div class=\"erplayer__slidercontrol__slider\">\n\t\t\t\t\t\t\t\t<div data-erplayer-volume-bar class=\"erplayer__volume-bar erplayer__slidercontrol__bar\"><\/div>\n\t\t\t\t\t\t\t\t<div class=\"erplayer__slidercontrol__trackbar\"><\/div>\n\t\t\t\t\t\t\t\t<input type=\"range\" data-erplayer-volume-input class=\"erplayer__volume-input erplayer__slidercontrol__input\" min=\"0\" max=\"1\" step=\"0.01\" value=\"1\" \/>\n\t\t\t\t\t\t\t<\/div>\n\t\t\t\t\t\t<\/div>\n\t\t\t\t\t<\/div>\n\t\t\t\t<\/div>\n\t\t\t<\/div>\n\t\t\t<span data-erplayer-plist-toggler class=\"erplayer__btn erplayer__openplaylist\"><i class=\"erplayer-icon-menu erplayer-openicon\"><\/i><i class=\"erplayer-icon-cancel erplayer-closeicon\"><\/i><\/span>\n\t\t\t<div data-erplayer-playlist class=\"erplayer__playlist \">\n\t\t\t\t<ul data-erplayer-playlist-html>\n\t\t\t\t\t\t\t<li>\n\t\t\t<span data-erplayer-trackdata=\"{&quot;title&quot;:&quot;Joropomania Radio&quot;,&quot;img_id&quot;:&quot;15&quot;,&quot;link&quot;:&quot;https:\\\/\\\/joropomaniaradio.com\\\/index.php\\\/radio-channel\\\/11\\\/&quot;,&quot;file&quot;:&quot;https:\\\/\\\/radio.hostlagarto.com\\\/joroporadio\\\/stream&quot;,&quot;type&quot;:&quot;radio&quot;,&quot;album&quot;:&quot;Joropomania Radio :: La de la musica llanera&quot;,&quot;server_type&quot;:&quot;type-shoutcast&quot;,&quot;artwork&quot;:&quot;https:\\\/\\\/joropomaniaradio.com\\\/wp-content\\\/uploads\\\/2024\\\/02\\\/512-LOGO-420x420-1.png&quot;}\" class=\"erplayer__btn erplayer__playlist__cover\">\n\t\t\t\t<img decoding=\"async\" src=\"https:\/\/joropomaniaradio.com\/wp-content\/uploads\/2024\/02\/512-LOGO-420x420-1-150x150.png\" alt=\"cover\">\t\t\t\t<i class=\"erplayer-icon-play erplayer-playIcon\"><\/i>\n\t\t\t\t<i class=\"erplayer-icon-pause erplayer-pauseIcon\"><\/i>\n\t\t\t<\/span>\n\t\t\t<h5>Joropomania Radio<\/h5>\n\t\t<\/li>\n\t\t\t\t\t\t<\/ul>\n\t\t\t<\/div>\n\t\t<\/div>\n\t<\/div>\n<\/div>\t\t<\/div>\n\t\t\t\t<\/div>\n\t\t\t\t<div class=\"elementor-element elementor-element-4e91307 elementor-widget elementor-widget-image\" data-id=\"4e91307\" data-element_type=\"widget\" data-widget_type=\"image.default\">\n\t\t\t\t<div class=\"elementor-widget-container\">\n\t\t\t\t\t\t\t\t\t\t\t\t\t<img decoding=\"async\" width=\"768\" height=\"47\" src=\"https:\/\/joropomaniaradio.com\/wp-content\/uploads\/2024\/02\/chat-en-linea-768x47.png\" class=\"attachment-medium_large size-medium_large wp-image-35\" alt=\"\" srcset=\"https:\/\/joropomaniaradio.com\/wp-content\/uploads\/2024\/02\/chat-en-linea-768x47.png 768w, https:\/\/joropomaniaradio.com\/wp-content\/uploads\/2024\/02\/chat-en-linea-300x18.png 300w, https:\/\/joropomaniaradio.com\/wp-content\/uploads\/2024\/02\/chat-en-linea-1024x63.png 1024w, https:\/\/joropomaniaradio.com\/wp-content\/uploads\/2024\/02\/chat-en-linea.png 1174w\" sizes=\"(max-width: 768px) 100vw, 768px\" \/>\t\t\t\t\t\t\t\t\t\t\t\t\t<\/div>\n\t\t\t\t<\/div>\n\t\t\t\t<div class=\"elementor-element elementor-element-34ad6575 elementor-widget elementor-widget-html\" data-id=\"34ad6575\" data-element_type=\"widget\" data-widget_type=\"html.default\">\n\t\t\t\t<div class=\"elementor-widget-container\">\n\t\t\t\r\n<iframe src=\"https:\/\/www6.cbox.ws\/box\/?boxid=851019&boxtag=zcpLz1\" width=\"100%\" height=\"450\" allowtransparency=\"yes\" allow=\"autoplay\" frameborder=\"0\" marginheight=\"0\" marginwidth=\"0\" scrolling=\"auto\"><\/iframe>\t\t<\/div>\n\t\t\t\t<\/div>\n\t\t\t\t\t<\/div>\n\t\t<\/div>\n\t\t\t\t<div class=\"elementor-column elementor-col-50 elementor-top-column elementor-element elementor-element-687a422e\" data-id=\"687a422e\" data-element_type=\"column\" data-settings=\"{&quot;background_background&quot;:&quot;classic&quot;}\">\n\t\t\t<div class=\"elementor-widget-wrap elementor-element-populated\">\n\t\t\t\t\t\t<div class=\"elementor-element elementor-element-3b815c15 elementor-widget elementor-widget-image\" data-id=\"3b815c15\" data-element_type=\"widget\" data-widget_type=\"image.default\">\n\t\t\t\t<div class=\"elementor-widget-container\">\n\t\t\t\t\t\t\t\t\t\t\t\t\t<img decoding=\"async\" width=\"560\" height=\"73\" src=\"https:\/\/joropomaniaradio.com\/wp-content\/uploads\/2024\/02\/TURADIO-1.png\" class=\"attachment-medium_large size-medium_large wp-image-36\" alt=\"\" srcset=\"https:\/\/joropomaniaradio.com\/wp-content\/uploads\/2024\/02\/TURADIO-1.png 560w, https:\/\/joropomaniaradio.com\/wp-content\/uploads\/2024\/02\/TURADIO-1-300x39.png 300w\" sizes=\"(max-width: 560px) 100vw, 560px\" \/>\t\t\t\t\t\t\t\t\t\t\t\t\t<\/div>\n\t\t\t\t<\/div>\n\t\t\t\t<div class=\"elementor-element elementor-element-1f501bb7 elementor-widget elementor-widget-image\" data-id=\"1f501bb7\" data-element_type=\"widget\" data-widget_type=\"image.default\">\n\t\t\t\t<div class=\"elementor-widget-container\">\n\t\t\t\t\t\t\t\t\t\t\t\t\t\t<a href=\"mailto:joropomaniaradiofm@gmail.com\">\n\t\t\t\t\t\t\t<img loading=\"lazy\" decoding=\"async\" width=\"800\" height=\"99\" src=\"https:\/\/joropomaniaradio.com\/wp-content\/uploads\/2024\/02\/gmail-1-1024x127.png\" class=\"elementor-animation-skew-forward attachment-large size-large wp-image-37\" alt=\"\" srcset=\"https:\/\/joropomaniaradio.com\/wp-content\/uploads\/2024\/02\/gmail-1-1024x127.png 1024w, https:\/\/joropomaniaradio.com\/wp-content\/uploads\/2024\/02\/gmail-1-300x37.png 300w, https:\/\/joropomaniaradio.com\/wp-content\/uploads\/2024\/02\/gmail-1-768x96.png 768w, https:\/\/joropomaniaradio.com\/wp-content\/uploads\/2024\/02\/gmail-1-1536x191.png 1536w, https:\/\/joropomaniaradio.com\/wp-content\/uploads\/2024\/02\/gmail-1-2048x255.png 2048w\" sizes=\"(max-width: 800px) 100vw, 800px\" \/>\t\t\t\t\t\t\t\t<\/a>\n\t\t\t\t\t\t\t\t\t\t\t\t\t<\/div>\n\t\t\t\t<\/div>\n\t\t\t\t<div class=\"elementor-element elementor-element-26cd7223 elementor-widget elementor-widget-image\" data-id=\"26cd7223\" data-element_type=\"widget\" data-widget_type=\"image.default\">\n\t\t\t\t<div class=\"elementor-widget-container\">\n\t\t\t\t\t\t\t\t\t\t\t\t\t\t<a href=\"https:\/\/api.whatsapp.com\/send?phone=584148972826\" target=\"_blank\">\n\t\t\t\t\t\t\t<img loading=\"lazy\" decoding=\"async\" width=\"800\" height=\"95\" src=\"https:\/\/joropomaniaradio.com\/wp-content\/uploads\/2024\/02\/whatsapp-1024x121.png\" class=\"elementor-animation-skew-forward attachment-large size-large wp-image-38\" alt=\"\" srcset=\"https:\/\/joropomaniaradio.com\/wp-content\/uploads\/2024\/02\/whatsapp-1024x121.png 1024w, https:\/\/joropomaniaradio.com\/wp-content\/uploads\/2024\/02\/whatsapp-300x35.png 300w, https:\/\/joropomaniaradio.com\/wp-content\/uploads\/2024\/02\/whatsapp-768x91.png 768w, https:\/\/joropomaniaradio.com\/wp-content\/uploads\/2024\/02\/whatsapp-1536x181.png 1536w\" sizes=\"(max-width: 800px) 100vw, 800px\" \/>\t\t\t\t\t\t\t\t<\/a>\n\t\t\t\t\t\t\t\t\t\t\t\t\t<\/div>\n\t\t\t\t<\/div>\n\t\t\t\t<div class=\"elementor-element elementor-element-5796b7bd elementor-widget elementor-widget-image\" data-id=\"5796b7bd\" data-element_type=\"widget\" data-widget_type=\"image.default\">\n\t\t\t\t<div class=\"elementor-widget-container\">\n\t\t\t\t\t\t\t\t\t\t\t\t\t\t<a href=\"https:\/\/www.instagram.com\/joropomaniaradio\" target=\"_blank\">\n\t\t\t\t\t\t\t<img loading=\"lazy\" decoding=\"async\" width=\"800\" height=\"100\" src=\"https:\/\/joropomaniaradio.com\/wp-content\/uploads\/2024\/02\/instagram-1024x128.png\" class=\"elementor-animation-skew-forward attachment-large size-large wp-image-39\" alt=\"\" srcset=\"https:\/\/joropomaniaradio.com\/wp-content\/uploads\/2024\/02\/instagram-1024x128.png 1024w, https:\/\/joropomaniaradio.com\/wp-content\/uploads\/2024\/02\/instagram-300x38.png 300w, https:\/\/joropomaniaradio.com\/wp-content\/uploads\/2024\/02\/instagram-768x96.png 768w, https:\/\/joropomaniaradio.com\/wp-content\/uploads\/2024\/02\/instagram-1536x192.png 1536w, https:\/\/joropomaniaradio.com\/wp-content\/uploads\/2024\/02\/instagram.png 2029w\" sizes=\"(max-width: 800px) 100vw, 800px\" \/>\t\t\t\t\t\t\t\t<\/a>\n\t\t\t\t\t\t\t\t\t\t\t\t\t<\/div>\n\t\t\t\t<\/div>\n\t\t\t\t<div class=\"elementor-element elementor-element-3d3f2a35 elementor-widget elementor-widget-image\" data-id=\"3d3f2a35\" data-element_type=\"widget\" data-widget_type=\"image.default\">\n\t\t\t\t<div class=\"elementor-widget-container\">\n\t\t\t\t\t\t\t\t\t\t\t\t\t\t<a href=\"https:\/\/www.facebook.com\/profile.php?id=100088069856199\" target=\"_blank\">\n\t\t\t\t\t\t\t<img loading=\"lazy\" decoding=\"async\" width=\"800\" height=\"96\" src=\"https:\/\/joropomaniaradio.com\/wp-content\/uploads\/2024\/02\/facebook-1024x123.png\" class=\"elementor-animation-skew-forward attachment-large size-large wp-image-40\" alt=\"\" srcset=\"https:\/\/joropomaniaradio.com\/wp-content\/uploads\/2024\/02\/facebook-1024x123.png 1024w, https:\/\/joropomaniaradio.com\/wp-content\/uploads\/2024\/02\/facebook-300x36.png 300w, https:\/\/joropomaniaradio.com\/wp-content\/uploads\/2024\/02\/facebook-768x93.png 768w, https:\/\/joropomaniaradio.com\/wp-content\/uploads\/2024\/02\/facebook-1536x185.png 1536w, https:\/\/joropomaniaradio.com\/wp-content\/uploads\/2024\/02\/facebook.png 2016w\" sizes=\"(max-width: 800px) 100vw, 800px\" \/>\t\t\t\t\t\t\t\t<\/a>\n\t\t\t\t\t\t\t\t\t\t\t\t\t<\/div>\n\t\t\t\t<\/div>\n\t\t\t\t<div class=\"elementor-element elementor-element-4ca1527 elementor-widget elementor-widget-image\" data-id=\"4ca1527\" data-element_type=\"widget\" data-widget_type=\"image.default\">\n\t\t\t\t<div class=\"elementor-widget-container\">\n\t\t\t\t\t\t\t\t\t\t\t\t\t\t<a href=\"https:\/\/play.google.com\/store\/apps\/details?id=com.hostlagarto.joropomania\" target=\"_blank\">\n\t\t\t\t\t\t\t<img loading=\"lazy\" decoding=\"async\" width=\"1536\" height=\"197\" src=\"https:\/\/joropomaniaradio.com\/wp-content\/uploads\/2024\/02\/playstore-1-1536x197.png\" class=\"elementor-animation-skew-forward attachment-1536x1536 size-1536x1536 wp-image-62\" alt=\"\" srcset=\"https:\/\/joropomaniaradio.com\/wp-content\/uploads\/2024\/02\/playstore-1-1536x197.png 1536w, https:\/\/joropomaniaradio.com\/wp-content\/uploads\/2024\/02\/playstore-1-300x38.png 300w, https:\/\/joropomaniaradio.com\/wp-content\/uploads\/2024\/02\/playstore-1-1024x131.png 1024w, https:\/\/joropomaniaradio.com\/wp-content\/uploads\/2024\/02\/playstore-1-768x98.png 768w, https:\/\/joropomaniaradio.com\/wp-content\/uploads\/2024\/02\/playstore-1-2048x262.png 2048w\" sizes=\"(max-width: 1536px) 100vw, 1536px\" \/>\t\t\t\t\t\t\t\t<\/a>\n\t\t\t\t\t\t\t\t\t\t\t\t\t<\/div>\n\t\t\t\t<\/div>\n\t\t\t\t\t<\/div>\n\t\t<\/div>\n\t\t\t\t\t<\/div>\n\t\t<\/section>\n\t\t\t\t<section class=\"elementor-section elementor-top-section elementor-element elementor-element-64b255fc elementor-section-full_width elementor-section-height-default elementor-section-height-default\" data-id=\"64b255fc\" data-element_type=\"section\" data-settings=\"{&quot;background_background&quot;:&quot;classic&quot;}\">\n\t\t\t\t\t\t<div class=\"elementor-container elementor-column-gap-default\">\n\t\t\t\t\t<div class=\"elementor-column elementor-col-100 elementor-top-column elementor-element elementor-element-39c04280\" data-id=\"39c04280\" data-element_type=\"column\">\n\t\t\t<div class=\"elementor-widget-wrap elementor-element-populated\">\n\t\t\t\t\t\t<div class=\"elementor-element elementor-element-2cfa2a7d elementor-widget elementor-widget-spacer\" data-id=\"2cfa2a7d\" data-element_type=\"widget\" data-widget_type=\"spacer.default\">\n\t\t\t\t<div class=\"elementor-widget-container\">\n\t\t\t\t\t<div class=\"elementor-spacer\">\n\t\t\t<div class=\"elementor-spacer-inner\"><\/div>\n\t\t<\/div>\n\t\t\t\t<\/div>\n\t\t\t\t<\/div>\n\t\t\t\t\t<\/div>\n\t\t<\/div>\n\t\t\t\t\t<\/div>\n\t\t<\/section>\n\t\t\t\t<section class=\"elementor-section elementor-top-section elementor-element elementor-element-20a59914 elementor-section-boxed elementor-section-height-default elementor-section-height-default\" data-id=\"20a59914\" data-element_type=\"section\" data-settings=\"{&quot;background_background&quot;:&quot;classic&quot;}\">\n\t\t\t\t\t\t<div class=\"elementor-container elementor-column-gap-default\">\n\t\t\t\t\t<div class=\"elementor-column elementor-col-100 elementor-top-column elementor-element elementor-element-71855087\" data-id=\"71855087\" data-element_type=\"column\">\n\t\t\t<div class=\"elementor-widget-wrap elementor-element-populated\">\n\t\t\t\t\t\t<div class=\"elementor-element elementor-element-3bf1eb06 elementor-widget elementor-widget-image\" data-id=\"3bf1eb06\" data-element_type=\"widget\" data-widget_type=\"image.default\">\n\t\t\t\t<div class=\"elementor-widget-container\">\n\t\t\t\t\t\t\t\t\t\t\t\t\t\t<a href=\"https:\/\/hostlagarto.com\" target=\"_blank\">\n\t\t\t\t\t\t\t<img loading=\"lazy\" decoding=\"async\" width=\"350\" height=\"90\" src=\"https:\/\/joropomaniaradio.com\/wp-content\/uploads\/2024\/02\/Logo-Web.png\" class=\"attachment-large size-large wp-image-42\" alt=\"\" srcset=\"https:\/\/joropomaniaradio.com\/wp-content\/uploads\/2024\/02\/Logo-Web.png 350w, https:\/\/joropomaniaradio.com\/wp-content\/uploads\/2024\/02\/Logo-Web-300x77.png 300w\" sizes=\"(max-width: 350px) 100vw, 350px\" \/>\t\t\t\t\t\t\t\t<\/a>\n\t\t\t\t\t\t\t\t\t\t\t\t\t<\/div>\n\t\t\t\t<\/div>\n\t\t\t\t\t<\/div>\n\t\t<\/div>\n\t\t\t\t\t<\/div>\n\t\t<\/section>\n\t\t\t\t<\/div>\n\t\t","protected":false},"excerpt":{"rendered":"<p>Desde Venezuela transmite Joropomania radio \u201cLa de la m\u00fasica llanera\u201d una emisora que une el sentimiento cultural de dos naciones hermanas colombia y venezuela, que viven bajo un mismo cielo y habitan un solo llano, el llano sin fronteras. La programaci\u00f3n 24\/7 de m\u00fasica criolla est\u00e1 dirigida a un p\u00fablico amante de la cultura llanera, [&hellip;]<\/p>\n","protected":false},"author":1,"featured_media":0,"parent":0,"menu_order":0,"comment_status":"closed","ping_status":"closed","template":"elementor_canvas","meta":{"footnotes":""},"class_list":["post-8","page","type-page","status-publish","hentry"],"_links":{"self":[{"href":"https:\/\/joropomaniaradio.com\/index.php\/wp-json\/wp\/v2\/pages\/8","targetHints":{"allow":["GET"]}}],"collection":[{"href":"https:\/\/joropomaniaradio.com\/index.php\/wp-json\/wp\/v2\/pages"}],"about":[{"href":"https:\/\/joropomaniaradio.com\/index.php\/wp-json\/wp\/v2\/types\/page"}],"author":[{"embeddable":true,"href":"https:\/\/joropomaniaradio.com\/index.php\/wp-json\/wp\/v2\/users\/1"}],"replies":[{"embeddable":true,"href":"https:\/\/joropomaniaradio.com\/index.php\/wp-json\/wp\/v2\/comments?post=8"}],"version-history":[{"count":11,"href":"https:\/\/joropomaniaradio.com\/index.php\/wp-json\/wp\/v2\/pages\/8\/revisions"}],"predecessor-version":[{"id":65,"href":"https:\/\/joropomaniaradio.com\/index.php\/wp-json\/wp\/v2\/pages\/8\/revisions\/65"}],"wp:attachment":[{"href":"https:\/\/joropomaniaradio.com\/index.php\/wp-json\/wp\/v2\/media?parent=8"}],"curies":[{"name":"wp","href":"https:\/\/api.w.org\/{rel}","templated":true}]}}